{"id":30303,"date":"2024-04-24T16:34:20","date_gmt":"2024-04-24T14:34:20","guid":{"rendered":"https:\/\/www.nextgen.visilabgroup.ch\/entdecken-sie-visilabgroup\/"},"modified":"2024-09-30T17:27:53","modified_gmt":"2024-09-30T15:27:53","slug":"entdecken-sie-visilabgroup","status":"publish","type":"page","link":"https:\/\/www.nextgen.visilabgroup.ch\/de\/entdecken-sie-visilabgroup\/","title":{"rendered":"Entdecken Sie VisilabGroup"},"content":{"rendered":"<p>[et_pb_section fb_built=&#8220;1&#8243; admin_label=&#8220;Header&#8220; _builder_version=&#8220;4.22.1&#8243; _module_preset=&#8220;default&#8220; collapsed=&#8220;on&#8220; global_colors_info=&#8220;{}&#8220;][et_pb_row column_structure=&#8220;1_2,1_2&#8243; _builder_version=&#8220;4.23.2&#8243; _module_preset=&#8220;default&#8220; global_colors_info=&#8220;{}&#8220;][et_pb_column type=&#8220;1_2&#8243; _builder_version=&#8220;4.22.1&#8243; _module_preset=&#8220;default&#8220; global_colors_info=&#8220;{}&#8220;][et_pb_text _builder_version=&#8220;4.24.3&#8243; _module_preset=&#8220;_initial&#8220; header_font=&#8220;Oswald|700||on|||||&#8220; header_text_color=&#8220;#FFFFFF&#8220; header_font_size=&#8220;4vw&#8220; header_line_height=&#8220;1.2em&#8220; custom_margin=&#8220;||10px||false|false&#8220; header_font_size_tablet=&#8220;4vw&#8220; header_font_size_phone=&#8220;12vw&#8220; header_font_size_last_edited=&#8220;on|phone&#8220; custom_css_free_form=&#8220;selector h1 {||  background:#1c1b2d;||  width: fit-content;||}&#8220; global_colors_info=&#8220;{}&#8220;]<\/p>\n<h1>\u00a0Wir stellen\u00a0<\/h1>\n<p>[\/et_pb_text][et_pb_text _builder_version=&#8220;4.24.3&#8243; _module_preset=&#8220;_initial&#8220; header_font=&#8220;Oswald|700||on|||||&#8220; header_text_color=&#8220;#FFFFFF&#8220; header_font_size=&#8220;4vw&#8220; header_line_height=&#8220;1.2em&#8220; custom_margin=&#8220;||10px||false|false&#8220; header_font_size_tablet=&#8220;4vw&#8220; header_font_size_phone=&#8220;12vw&#8220; header_font_size_last_edited=&#8220;on|phone&#8220; custom_css_free_form=&#8220;selector h1 {||  background: #1c1b2d;||  width: fit-content;||}&#8220; global_colors_info=&#8220;{}&#8220;]<\/p>\n<h1>\u00a0uns vor\u00a0<\/h1>\n<p>[\/et_pb_text][et_pb_text _builder_version=&#8220;4.24.3&#8243; _module_preset=&#8220;_initial&#8220; text_font=&#8220;Lato||||||||&#8220; text_font_size=&#8220;16px&#8220; text_line_height=&#8220;1.8em&#8220; text_font_size_tablet=&#8220;15px&#8220; text_font_size_phone=&#8220;14px&#8220; text_font_size_last_edited=&#8220;on|desktop&#8220; global_colors_info=&#8220;{}&#8220;]<\/p>\n<p><span><\/span><\/p>\n<p class=\"fusion-title-heading title-heading-center fusion-responsive-typography-calculated\">Die VisilabGroup ist seit der Er\u00f6ffnung des ersten Gesch\u00e4fts im Jahr 1988 enorm gewachsen. Heute umfasst die VisilabGroup mehrere Marken und mehr als 1\u2019300 Mitarbeitende in der ganzen Schweiz, die jeden Tag auf das gleiche Ziel hinarbeiten. Die VisilabGroup geh\u00f6rt zu EssilorLuxottica, einem weltweit f\u00fchrenden Unternehmen im Augenoptik-Detailhandel mit rund 190\u2019000 Mitarbeitenden und mehr als 18\u2019000 Gesch\u00e4ften weltweit. EssilorLuxottica ist das weltweit f\u00fchrende Unternehmen f\u00fcr Design, Herstellung und Vertrieb von Brillengl\u00e4sern, Brillenfassungen und Sonnenbrillen. Wir engagieren uns leidenschaftlich f\u00fcr erstklassige, hochwertige und erschwingliche Augenoptik-Dienstleistungen auf dem Schweizer Markt.<\/p>\n<p>[\/et_pb_text][\/et_pb_column][et_pb_column type=&#8220;1_2&#8243; _builder_version=&#8220;4.22.1&#8243; _module_preset=&#8220;default&#8220; global_colors_info=&#8220;{}&#8220;][et_pb_image src=&#8220;https:\/\/www.nextgen.visilabgroup.ch\/wp-content\/uploads\/2024\/04\/VisilabGroup_WEB-6.jpg&#8220; title_text=&#8220;VisilabGroup_WEB-6&#8243; _builder_version=&#8220;4.24.3&#8243; _module_preset=&#8220;default&#8220; custom_margin=&#8220;|-10vw|||false|false&#8220; custom_margin_tablet=&#8220;|0vw|||false|false&#8220; custom_margin_phone=&#8220;|0vw|||false|false&#8220; custom_margin_last_edited=&#8220;on|tablet&#8220; global_colors_info=&#8220;{}&#8220;][\/et_pb_image][\/et_pb_column][\/et_pb_row][\/et_pb_section][et_pb_section fb_built=&#8220;1&#8243; disabled_on=&#8220;on|on|off&#8220; _builder_version=&#8220;4.24.3&#8243; _module_preset=&#8220;default&#8220; global_colors_info=&#8220;{}&#8220;][et_pb_row column_structure=&#8220;1_3,1_3,1_3&#8243; disabled_on=&#8220;on|on|off&#8220; _builder_version=&#8220;4.24.3&#8243; _module_preset=&#8220;default&#8220; module_alignment=&#8220;center&#8220; border_width_bottom=&#8220;2px&#8220; border_color_bottom=&#8220;#0055a4&#8243; global_colors_info=&#8220;{}&#8220;][et_pb_column type=&#8220;1_3&#8243; _builder_version=&#8220;4.24.3&#8243; _module_preset=&#8220;default&#8220; global_colors_info=&#8220;{}&#8220;][et_pb_image src=&#8220;https:\/\/www.nextgen.visilabgroup.ch\/wp-content\/uploads\/2024\/06\/visilab-1.gif&#8220; title_text=&#8220;visilab&#8220; url=&#8220;https:\/\/www.visilab.ch\/fr\/?gad_source=1&#038;gclid=EAIaIQobChMIgLT1j_3zhgMVXZGDBx23nwGREAAYASAAEgKeTvD_BwE&#8220; url_new_window=&#8220;on&#8220; align=&#8220;center&#8220; _builder_version=&#8220;4.24.3&#8243; _module_preset=&#8220;default&#8220; width=&#8220;80%&#8220; global_colors_info=&#8220;{}&#8220;][\/et_pb_image][\/et_pb_column][et_pb_column type=&#8220;1_3&#8243; _builder_version=&#8220;4.24.3&#8243; _module_preset=&#8220;default&#8220; global_colors_info=&#8220;{}&#8220;][et_pb_image src=&#8220;https:\/\/www.nextgen.visilabgroup.ch\/wp-content\/uploads\/2024\/06\/Mcotpic-logo.jpeg&#8220; title_text=&#8220;Mcotpic Logo&#8220; url=&#8220;https:\/\/www.mcoptic.ch\/fr\/&#8220; url_new_window=&#8220;on&#8220; align=&#8220;center&#8220; _builder_version=&#8220;4.24.3&#8243; _module_preset=&#8220;default&#8220; width=&#8220;83%&#8220; global_colors_info=&#8220;{}&#8220;][\/et_pb_image][\/et_pb_column][et_pb_column type=&#8220;1_3&#8243; _builder_version=&#8220;4.24.3&#8243; _module_preset=&#8220;default&#8220; global_colors_info=&#8220;{}&#8220;][et_pb_image src=&#8220;https:\/\/www.nextgen.visilabgroup.ch\/wp-content\/uploads\/2024\/06\/KochOptik-logo.jpg&#8220; title_text=&#8220;KochOptik Logo&#8220; url=&#8220;https:\/\/kochoptik.ch\/&#8220; url_new_window=&#8220;on&#8220; align=&#8220;center&#8220; _builder_version=&#8220;4.24.3&#8243; _module_preset=&#8220;default&#8220; width=&#8220;70%&#8220; global_colors_info=&#8220;{}&#8220;][\/et_pb_image][\/et_pb_column][\/et_pb_row][et_pb_row _builder_version=&#8220;4.24.3&#8243; _module_preset=&#8220;default&#8220; custom_padding=&#8220;35px|||||&#8220; global_colors_info=&#8220;{}&#8220;][et_pb_column type=&#8220;4_4&#8243; _builder_version=&#8220;4.24.3&#8243; _module_preset=&#8220;default&#8220; global_colors_info=&#8220;{}&#8220;][et_pb_image src=&#8220;https:\/\/www.nextgen.visilabgroup.ch\/wp-content\/uploads\/2024\/06\/VisilabGroup_Blue_CMYK_POEL.png&#8220; title_text=&#8220;VisilabGroup_Blue_CMYK_POEL&#8220; align=&#8220;center&#8220; _builder_version=&#8220;4.24.3&#8243; _module_preset=&#8220;default&#8220; width=&#8220;40%&#8220; max_width=&#8220;100%&#8220; global_colors_info=&#8220;{}&#8220;][\/et_pb_image][\/et_pb_column][\/et_pb_row][\/et_pb_section][et_pb_section fb_built=&#8220;1&#8243; _builder_version=&#8220;4.24.3&#8243; _module_preset=&#8220;default&#8220; background_color=&#8220;#1c1b2d&#8220; global_colors_info=&#8220;{}&#8220;][et_pb_row column_structure=&#8220;1_3,1_3,1_3&#8243; _builder_version=&#8220;4.24.3&#8243; _module_preset=&#8220;default&#8220; global_colors_info=&#8220;{}&#8220;][et_pb_column type=&#8220;1_3&#8243; _builder_version=&#8220;4.24.3&#8243; _module_preset=&#8220;default&#8220; global_colors_info=&#8220;{}&#8220;][et_pb_number_counter title=&#8220;Gesch\u00e4fte&#8220; number=&#8220;175&#8243; percent_sign=&#8220;off&#8220; _builder_version=&#8220;4.24.3&#8243; _module_preset=&#8220;default&#8220; title_font=&#8220;Oswald|600|||||||&#8220; title_text_align=&#8220;right&#8220; title_text_color=&#8220;#FFFFFF&#8220; title_font_size=&#8220;25px&#8220; number_font=&#8220;Oswald|600|||||||&#8220; number_text_align=&#8220;right&#8220; number_text_color=&#8220;#FFFFFF&#8220; text_orientation=&#8220;left&#8220; title_text_align_tablet=&#8220;right&#8220; title_text_align_phone=&#8220;center&#8220; title_text_align_last_edited=&#8220;on|phone&#8220; number_text_align_tablet=&#8220;right&#8220; number_text_align_phone=&#8220;center&#8220; number_text_align_last_edited=&#8220;on|phone&#8220; global_colors_info=&#8220;{}&#8220;][\/et_pb_number_counter][\/et_pb_column][et_pb_column type=&#8220;1_3&#8243; _builder_version=&#8220;4.24.3&#8243; _module_preset=&#8220;default&#8220; global_colors_info=&#8220;{}&#8220;][et_pb_number_counter title=&#8220;Lernende&#8220; number=&#8220;330&#8243; percent_sign=&#8220;off&#8220; _builder_version=&#8220;4.24.3&#8243; _module_preset=&#8220;default&#8220; title_font=&#8220;Oswald|600|||||||&#8220; title_text_align=&#8220;center&#8220; title_text_color=&#8220;#FFFFFF&#8220; title_font_size=&#8220;25px&#8220; number_font=&#8220;Oswald|600|||||||&#8220; number_text_align=&#8220;center&#8220; number_text_color=&#8220;#FFFFFF&#8220; text_orientation=&#8220;left&#8220; global_colors_info=&#8220;{}&#8220;][\/et_pb_number_counter][\/et_pb_column][et_pb_column type=&#8220;1_3&#8243; _builder_version=&#8220;4.24.3&#8243; _module_preset=&#8220;default&#8220; global_colors_info=&#8220;{}&#8220;][et_pb_text _builder_version=&#8220;4.24.3&#8243; _module_preset=&#8220;default&#8220; text_font=&#8220;Oswald|600|||||||&#8220; text_text_color=&#8220;#FFFFFF&#8220; text_font_size=&#8220;72px&#8220; text_line_height=&#8220;72px&#8220; hover_enabled=&#8220;0&#8243; sticky_enabled=&#8220;0&#8243; text_orientation_last_edited=&#8220;on|tablet&#8220; text_orientation_phone=&#8220;center&#8220; text_orientation_tablet=&#8220;center&#8220;]<\/p>\n<p>n\u00b01<\/p>\n<p>[\/et_pb_text][et_pb_text _builder_version=&#8220;4.24.3&#8243; _module_preset=&#8220;default&#8220; text_font=&#8220;Oswald|600|||||||&#8220; text_text_color=&#8220;#FFFFFF&#8220; text_font_size=&#8220;25px&#8220; text_line_height=&#8220;1em&#8220; hover_enabled=&#8220;0&#8243; sticky_enabled=&#8220;0&#8243; text_orientation_last_edited=&#8220;on|tablet&#8220; text_orientation_phone=&#8220;center&#8220; text_orientation_tablet=&#8220;center&#8220;]<\/p>\n<p>Schweizer Marktf\u00fchrer im Bereich Optik<\/p>\n<p>[\/et_pb_text][\/et_pb_column][\/et_pb_row][\/et_pb_section][et_pb_section fb_built=&#8220;1&#8243; custom_padding_last_edited=&#8220;off|tablet&#8220; admin_label=&#8220;Call to Action&#8220; _builder_version=&#8220;4.24.3&#8243; _module_preset=&#8220;default&#8220; background_color=&#8220;#1c1b2d&#8220; custom_padding_tablet=&#8220;||||false|false&#8220; locked=&#8220;off&#8220; collapsed=&#8220;on&#8220; global_colors_info=&#8220;{}&#8220;][et_pb_row column_structure=&#8220;3_4,1_4&#8243; custom_padding_last_edited=&#8220;on|tablet&#8220; _builder_version=&#8220;4.22.1&#8243; _module_preset=&#8220;default&#8220; max_width=&#8220;1280px&#8220; custom_padding_tablet=&#8220;||0px||false|false&#8220; custom_padding_phone=&#8220;||0px||false|false&#8220; global_colors_info=&#8220;{}&#8220;][et_pb_column type=&#8220;3_4&#8243; _builder_version=&#8220;4.22.1&#8243; _module_preset=&#8220;default&#8220; global_colors_info=&#8220;{}&#8220;][et_pb_image src=&#8220;https:\/\/www.nextgen.visilabgroup.ch\/wp-content\/uploads\/2024\/04\/VisilabGroup_WEB-111.jpg&#8220; title_text=&#8220;VisilabGroup_WEB-111&#8243; _builder_version=&#8220;4.24.3&#8243; _module_preset=&#8220;default&#8220; custom_margin=&#8220;||-30%||false|false&#8220; custom_margin_tablet=&#8220;||0%||false|false&#8220; custom_margin_phone=&#8220;||0%||false|false&#8220; custom_margin_last_edited=&#8220;on|desktop&#8220; scroll_horizontal_motion_enable=&#8220;on&#8220; scroll_horizontal_motion=&#8220;0|50|50|100|0.5|0|-0.5&#8243; locked=&#8220;off&#8220; global_colors_info=&#8220;{}&#8220;][\/et_pb_image][\/et_pb_column][et_pb_column type=&#8220;1_4&#8243; _builder_version=&#8220;4.22.1&#8243; _module_preset=&#8220;default&#8220; global_colors_info=&#8220;{}&#8220;][\/et_pb_column][\/et_pb_row][et_pb_row column_structure=&#8220;2_5,3_5&#8243; custom_padding_last_edited=&#8220;on|desktop&#8220; _builder_version=&#8220;4.24.3&#8243; _module_preset=&#8220;default&#8220; max_width=&#8220;840px&#8220; custom_padding_tablet=&#8220;0px||||false|false&#8220; custom_padding_phone=&#8220;0px||||false|false&#8220; global_colors_info=&#8220;{}&#8220;][et_pb_column type=&#8220;2_5&#8243; _builder_version=&#8220;4.22.1&#8243; _module_preset=&#8220;default&#8220; global_colors_info=&#8220;{}&#8220;][\/et_pb_column][et_pb_column type=&#8220;3_5&#8243; _builder_version=&#8220;4.24.3&#8243; _module_preset=&#8220;default&#8220; background_color=&#8220;#0055A4&#8243; custom_padding=&#8220;40px|40px|40px|40px|true|true&#8220; custom_padding_tablet=&#8220;30px|30px|30px|30px|true|true&#8220; custom_padding_phone=&#8220;20px|20px|20px|20px|true|true&#8220; custom_padding_last_edited=&#8220;on|desktop&#8220; global_colors_info=&#8220;{}&#8220;][et_pb_text _builder_version=&#8220;4.24.3&#8243; _module_preset=&#8220;_initial&#8220; header_2_font=&#8220;Oswald|700||on|||||&#8220; header_2_text_color=&#8220;#FFFFFF&#8220; header_2_font_size=&#8220;52px&#8220; header_2_line_height=&#8220;1.2em&#8220; custom_margin=&#8220;||10px||false|false&#8220; header_2_font_size_tablet=&#8220;32px&#8220; header_2_font_size_phone=&#8220;20px&#8220; header_2_font_size_last_edited=&#8220;on|desktop&#8220; global_colors_info=&#8220;{}&#8220;]<\/p>\n<h2>Das EDU-Team<\/h2>\n<p>[\/et_pb_text][et_pb_text _builder_version=&#8220;4.24.3&#8243; _module_preset=&#8220;_initial&#8220; text_font=&#8220;Lato||||||||&#8220; text_text_color=&#8220;#FFFFFF&#8220; text_font_size=&#8220;16px&#8220; text_line_height=&#8220;1.8em&#8220; text_font_size_tablet=&#8220;15px&#8220; text_font_size_phone=&#8220;14px&#8220; text_font_size_last_edited=&#8220;on|desktop&#8220; global_colors_info=&#8220;{}&#8220;]<\/p>\n<p>Die EDU-Abteilung der VisilabGroup SA besteht aus Experten auf dem Gebiet der Berufsbildung. Wir organisieren den gesamten Prozess von der Talentsuche bis zur Vertragsunterzeichnung in enger Zusammenarbeit mit unseren Filialen, um die Auswahl der besten Kandidaten zu gew\u00e4hrleisten. Wir sind Vermittler zwischen Fachschulen, \u00f6rtliche Beh\u00f6rden und Berufsverb\u00e4nden und teilen mit Stolz das Image und die Chancen unseres Berufs auf dem Arbeitsmarkt.<\/p>\n<p>Bei EDU glauben wir an eine erfolgreiche Integration und eine kontinuierliche Entwicklung. Wir organisieren dynamische Einf\u00fchrungstage und eine breite Palette an Schulungen w\u00e4hrend der gesamten Ausbildung unserer Lernenden. Unsere Ausbilder erhalten ebenfalls eine pers\u00f6nliche Betreuung, um gemeinsam das Ziel zu erreichen: ein erfolgreicher Berufsabschluss. Bei Herausforderungen fungieren wir als Vermittler und arbeiten Hand in Hand mit Ausbildern und Lernenden, um effektive L\u00f6sungen zu finden.<\/p>\n<p>[\/et_pb_text][\/et_pb_column][\/et_pb_row][\/et_pb_section]<\/p>\n","protected":false},"excerpt":{"rendered":"<p>\u00a0Wir stellen\u00a0\u00a0uns vor\u00a0 Die VisilabGroup ist seit der Er\u00f6ffnung des ersten Gesch\u00e4fts im Jahr 1988 enorm gewachsen. Heute umfasst die VisilabGroup mehrere Marken und mehr als 1\u2019300 Mitarbeitende in der ganzen Schweiz, die jeden Tag auf das gleiche Ziel hinarbeiten. Die VisilabGroup geh\u00f6rt zu EssilorLuxottica, einem weltweit f\u00fchrenden Unternehmen im Augenoptik-Detailhandel mit rund 190\u2019000 Mitarbeitenden [&hellip;]<\/p>\n","protected":false},"author":1,"featured_media":0,"parent":0,"menu_order":0,"comment_status":"closed","ping_status":"closed","template":"","meta":{"_acf_changed":false,"_et_pb_use_builder":"on","_et_pb_old_content":"","_et_gb_content_width":"","footnotes":""},"class_list":["post-30303","page","type-page","status-publish","hentry"],"acf":[],"_links":{"self":[{"href":"https:\/\/www.nextgen.visilabgroup.ch\/de\/wp-json\/wp\/v2\/pages\/30303","targetHints":{"allow":["GET"]}}],"collection":[{"href":"https:\/\/www.nextgen.visilabgroup.ch\/de\/wp-json\/wp\/v2\/pages"}],"about":[{"href":"https:\/\/www.nextgen.visilabgroup.ch\/de\/wp-json\/wp\/v2\/types\/page"}],"author":[{"embeddable":true,"href":"https:\/\/www.nextgen.visilabgroup.ch\/de\/wp-json\/wp\/v2\/users\/1"}],"replies":[{"embeddable":true,"href":"https:\/\/www.nextgen.visilabgroup.ch\/de\/wp-json\/wp\/v2\/comments?post=30303"}],"version-history":[{"count":26,"href":"https:\/\/www.nextgen.visilabgroup.ch\/de\/wp-json\/wp\/v2\/pages\/30303\/revisions"}],"predecessor-version":[{"id":30980,"href":"https:\/\/www.nextgen.visilabgroup.ch\/de\/wp-json\/wp\/v2\/pages\/30303\/revisions\/30980"}],"wp:attachment":[{"href":"https:\/\/www.nextgen.visilabgroup.ch\/de\/wp-json\/wp\/v2\/media?parent=30303"}],"curies":[{"name":"wp","href":"https:\/\/api.w.org\/{rel}","templated":true}]}}