{"id":30318,"date":"2017-02-16T09:17:12","date_gmt":"2017-02-16T08:17:12","guid":{"rendered":"https:\/\/www.nextgen.visilabgroup.ch\/faq-und-kontakt\/"},"modified":"2024-09-07T10:55:15","modified_gmt":"2024-09-07T08:55:15","slug":"faq-und-kontakt","status":"publish","type":"page","link":"https:\/\/www.nextgen.visilabgroup.ch\/de\/faq-und-kontakt\/","title":{"rendered":"FAQ und Kontakt"},"content":{"rendered":"<p>[et_pb_section fb_built=&#8220;1&#8243; admin_label=&#8220;Header&#8220; _builder_version=&#8220;4.22.1&#8243; _module_preset=&#8220;default&#8220; locked=&#8220;off&#8220; collapsed=&#8220;on&#8220; global_colors_info=&#8220;{}&#8220;][et_pb_row column_structure=&#8220;1_2,1_2&#8243; _builder_version=&#8220;4.23.2&#8243; _module_preset=&#8220;default&#8220; global_colors_info=&#8220;{}&#8220;][et_pb_column type=&#8220;1_2&#8243; _builder_version=&#8220;4.23.2&#8243; _module_preset=&#8220;default&#8220; custom_padding_tablet=&#8220;||0px||false|false&#8220; custom_padding_phone=&#8220;||0vw||false|false&#8220; custom_padding_last_edited=&#8220;off|desktop&#8220; global_colors_info=&#8220;{}&#8220;][et_pb_text _builder_version=&#8220;4.24.3&#8243; _module_preset=&#8220;_initial&#8220; header_font=&#8220;Oswald|700||on|||||&#8220; header_text_color=&#8220;#FFFFFF&#8220; header_font_size=&#8220;4vw&#8220; header_line_height=&#8220;1.2em&#8220; custom_padding=&#8220;||0px|||&#8220; header_font_size_tablet=&#8220;4vw&#8220; header_font_size_phone=&#8220;10vw&#8220; header_font_size_last_edited=&#8220;on|phone&#8220; custom_css_free_form=&#8220;selector h1 {||  background: #1c1b2d;||  width: fit-content;||}&#8220; global_colors_info=&#8220;{}&#8220;]<\/p>\n<h1>\u00a0Kontaktieren\u00a0<\/h1>\n<p>[\/et_pb_text][et_pb_text _builder_version=&#8220;4.24.3&#8243; _module_preset=&#8220;_initial&#8220; header_font=&#8220;Oswald|700||on|||||&#8220; header_text_color=&#8220;#FFFFFF&#8220; header_font_size=&#8220;4vw&#8220; header_line_height=&#8220;1.2em&#8220; custom_margin=&#8220;-20px||60px||false|false&#8220; custom_padding=&#8220;0px|||||&#8220; header_font_size_tablet=&#8220;4vw&#8220; header_font_size_phone=&#8220;10vw&#8220; header_font_size_last_edited=&#8220;on|phone&#8220; custom_css_free_form=&#8220;selector h1 {||  background:#1c1b2d;||  width: fit-content;||}&#8220; global_colors_info=&#8220;{}&#8220;]<\/p>\n<h1>\u00a0Sie UNS\u00a0<\/h1>\n<p>[\/et_pb_text][et_pb_blurb title=&#8220;edu@visilabgroup.ch&#8220; url=&#8220;mailto:youremail@gmailcom&#8220; url_new_window=&#8220;on&#8220; use_icon=&#8220;on&#8220; font_icon=&#8220;&#xf0e0;||fa||900&#8243; icon_color=&#8220;#FFFFFF&#8220; image_icon_background_color=&#8220;gcid-0a41bebc-0107-48f7-8173-6190cad71074&#8243; icon_placement=&#8220;left&#8220; image_icon_width=&#8220;16px&#8220; content_max_width=&#8220;100%&#8220; _builder_version=&#8220;4.24.3&#8243; _module_preset=&#8220;_initial&#8220; header_font=&#8220;Oswald|700||on|||||&#8220; header_font_size=&#8220;20px&#8220; header_line_height=&#8220;1.4em&#8220; body_font=&#8220;Lato||||||||&#8220; body_font_size=&#8220;16px&#8220; body_line_height=&#8220;1.8em&#8220; image_icon_custom_margin=&#8220;5px||||false|false&#8220; image_icon_custom_padding=&#8220;16px|16px|16px|16px|true|true&#8220; animation=&#8220;off&#8220; link_option_url=&#8220;mailto:youremail@gmailcom&#8220; header_font_size_tablet=&#8220;16px&#8220; header_font_size_phone=&#8220;14px&#8220; header_font_size_last_edited=&#8220;on|desktop&#8220; body_font_size_tablet=&#8220;15px&#8220; body_font_size_phone=&#8220;14px&#8220; body_font_size_last_edited=&#8220;on|desktop&#8220; border_radii_image=&#8220;on|30px|30px|30px|30px&#8220; global_colors_info=&#8220;{%22gcid-0a41bebc-0107-48f7-8173-6190cad71074%22:%91%22image_icon_background_color%22%93}&#8220;]<\/p>\n<p>Deutsche Schweiz<\/p>\n<p>[\/et_pb_blurb][et_pb_blurb title=&#8220;edu-fr@visilabgroup.ch&#8220; url=&#8220;mailto:youremail@gmailcom&#8220; use_icon=&#8220;on&#8220; font_icon=&#8220;&#xf0e0;||fa||900&#8243; icon_color=&#8220;#FFFFFF&#8220; image_icon_background_color=&#8220;gcid-0a41bebc-0107-48f7-8173-6190cad71074&#8243; icon_placement=&#8220;left&#8220; image_icon_width=&#8220;16px&#8220; content_max_width=&#8220;100%&#8220; _builder_version=&#8220;4.24.3&#8243; _module_preset=&#8220;_initial&#8220; header_font=&#8220;Oswald|700||on|||||&#8220; header_font_size=&#8220;20px&#8220; header_line_height=&#8220;1.4em&#8220; body_font=&#8220;Lato||||||||&#8220; body_font_size=&#8220;16px&#8220; body_line_height=&#8220;1.8em&#8220; image_icon_custom_margin=&#8220;5px||||false|false&#8220; image_icon_custom_padding=&#8220;16px|16px|16px|16px|true|true&#8220; animation=&#8220;off&#8220; link_option_url=&#8220;mailto:youremail@gmailcom&#8220; header_font_size_tablet=&#8220;16px&#8220; header_font_size_phone=&#8220;14px&#8220; header_font_size_last_edited=&#8220;on|desktop&#8220; body_font_size_tablet=&#8220;15px&#8220; body_font_size_phone=&#8220;14px&#8220; body_font_size_last_edited=&#8220;on|desktop&#8220; border_radii_image=&#8220;on|30px|30px|30px|30px&#8220; global_colors_info=&#8220;{%22gcid-0a41bebc-0107-48f7-8173-6190cad71074%22:%91%22image_icon_background_color%22%93}&#8220;]<\/p>\n<p>Franz\u00f6sische Schweiz<\/p>\n<p>[\/et_pb_blurb][\/et_pb_column][et_pb_column type=&#8220;1_2&#8243; _builder_version=&#8220;4.22.1&#8243; _module_preset=&#8220;default&#8220; global_colors_info=&#8220;{}&#8220;][et_pb_image src=&#8220;https:\/\/www.nextgen.visilabgroup.ch\/wp-content\/uploads\/2024\/04\/VisilabGroup_WEB-105.jpg&#8220; title_text=&#8220;VisilabGroup_WEB-105&#8243; _builder_version=&#8220;4.24.3&#8243; _module_preset=&#8220;default&#8220; custom_margin=&#8220;|-10vw|||false|false&#8220; custom_margin_tablet=&#8220;|0vw|||false|false&#8220; custom_margin_phone=&#8220;|0vw|||false|false&#8220; custom_margin_last_edited=&#8220;on|tablet&#8220; global_colors_info=&#8220;{}&#8220;][\/et_pb_image][\/et_pb_column][\/et_pb_row][\/et_pb_section][et_pb_section fb_built=&#8220;1&#8243; admin_label=&#8220;Programs&#8220; _builder_version=&#8220;4.24.3&#8243; _module_preset=&#8220;default&#8220; background_color=&#8220;#1c1b2d&#8220; custom_padding=&#8220;||120px|||&#8220; collapsed=&#8220;on&#8220; global_colors_info=&#8220;{}&#8220;][et_pb_row _builder_version=&#8220;4.24.3&#8243; _module_preset=&#8220;default&#8220; hover_enabled=&#8220;0&#8243; global_colors_info=&#8220;{}&#8220; sticky_enabled=&#8220;0&#8243;][et_pb_column type=&#8220;4_4&#8243; _builder_version=&#8220;4.22.1&#8243; _module_preset=&#8220;default&#8220; global_colors_info=&#8220;{}&#8220;][et_pb_text _builder_version=&#8220;4.24.3&#8243; _module_preset=&#8220;8360d974-4c4d-42c9-834f-52875be25679&#8243; header_text_color=&#8220;#FFFFFF&#8220; header_font_size=&#8220;3vw&#8220; width=&#8220;65%&#8220; custom_margin=&#8220;||45px||false|false&#8220; header_font_size_tablet=&#8220;5vw&#8220; header_font_size_phone=&#8220;10vw&#8220; header_font_size_last_edited=&#8220;on|phone&#8220; custom_css_free_form=&#8220;selector h1 {||  background:#0055A4;||  width: fit-content;||}&#8220; global_colors_info=&#8220;{}&#8220;]<\/p>\n<h1>\u00a0F.A.Q.\u00a0<\/h1>\n<p>[\/et_pb_text][et_pb_accordion open_toggle_text_color=&#8220;#FFFFFF&#8220; open_toggle_background_color=&#8220;RGBA(255,255,255,0)&#8220; closed_toggle_text_color=&#8220;#FFFFFF&#8220; closed_toggle_background_color=&#8220;RGBA(255,255,255,0)&#8220; toggle_icon=&#8220;&#xf067;||fa||900&#8243; icon_color=&#8220;#FFFFFF&#8220; use_icon_font_size=&#8220;on&#8220; _builder_version=&#8220;4.24.3&#8243; _module_preset=&#8220;_initial&#8220; toggle_text_color=&#8220;#FFFFFF&#8220; toggle_font=&#8220;Oswald|700||on|||||&#8220; toggle_text_align=&#8220;center&#8220; toggle_font_size=&#8220;24px&#8220; toggle_line_height=&#8220;1.4em&#8220; closed_toggle_font=&#8220;Oswald||||||||&#8220; body_font=&#8220;|600|||||||&#8220; body_text_color=&#8220;#FFFFFF&#8220; body_font_size=&#8220;16px&#8220; body_line_height=&#8220;1.8em&#8220; hover_enabled=&#8220;0&#8243; toggle_font_size_tablet=&#8220;16px&#8220; toggle_font_size_phone=&#8220;15px&#8220; toggle_font_size_last_edited=&#8220;on|desktop&#8220; body_font_size_tablet=&#8220;15px&#8220; body_font_size_phone=&#8220;14px&#8220; body_font_size_last_edited=&#8220;on|tablet&#8220; border_radii=&#8220;on|20px|20px|20px|20px&#8220; locked=&#8220;off&#8220; global_colors_info=&#8220;{}&#8220; sticky_enabled=&#8220;0&#8243;][et_pb_accordion_item title=&#8220;Der Lohn&#8220; open=&#8220;on&#8220; open_toggle_text_color=&#8220;#FFFFFF&#8220; toggle_icon=&#8220;&#x37;||divi||400&#8243; _builder_version=&#8220;4.24.3&#8243; _module_preset=&#8220;default&#8220; body_text_color=&#8220;#FFFFFF&#8220; global_colors_info=&#8220;{}&#8220; toggle_text_color=&#8220;#FFFFFF&#8220;]<\/p>\n<p>Die Lernenden erhalten 13 Monatsgeh\u00e4lter<\/p>\n<p>&nbsp;<\/p>\n<ul>\n<li>Erstes Ausbildungsjahr: 700 CHF brutto<\/li>\n<li>Zweites Ausbildungsjahr: 1.000 CHF brutto<\/li>\n<li>Drittes Ausbildungsjahr: 1.400 CHF brutto<\/li>\n<\/ul>\n<p>[\/et_pb_accordion_item][et_pb_accordion_item title=&#8220;Arbeitszeiten?&#8220; open_toggle_text_color=&#8220;#FFFFFF&#8220; toggle_icon=&#8220;&#x37;||divi||400&#8243; _builder_version=&#8220;4.24.3&#8243; _module_preset=&#8220;default&#8220; body_text_color=&#8220;#FFFFFF&#8220; hover_enabled=&#8220;0&#8243; global_colors_info=&#8220;{}&#8220; toggle_text_color=&#8220;#FFFFFF&#8220; open=&#8220;off&#8220; sticky_enabled=&#8220;0&#8243;]<\/p>\n<p>Normalerweise arbeitest du 41 Stunden pro Woche. Diese Stunden werden auf deine praktische Ausbildung im Gesch\u00e4ft und deine theoretische Ausbildung an der Berufsschule aufgeteilt.<\/p>\n<p>[\/et_pb_accordion_item][et_pb_accordion_item title=&#8220;Welche beruflichen M\u00f6glichkeiten gibt es?&#8220; open_toggle_text_color=&#8220;#FFFFFF&#8220; toggle_icon=&#8220;&#x37;||divi||400&#8243; _builder_version=&#8220;4.24.3&#8243; _module_preset=&#8220;default&#8220; body_text_color=&#8220;#FFFFFF&#8220; hover_enabled=&#8220;0&#8243; global_colors_info=&#8220;{}&#8220; toggle_text_color=&#8220;#FFFFFF&#8220; open=&#8220;off&#8220; sticky_enabled=&#8220;0&#8243;]<\/p>\n<p>Wenn du dich f\u00fcr einen erfolgreichen Lehrabschluss engagierst und dich in allen Aspekten der Ausbildung anstrengst, ist dir ein Platz im VisilabGroup-Netzwerk so gut wie garantiert. Wir unterst\u00fctzen dich dann auch auf deinem weiteren Weg, wenn du z.B. eine Weiterbildung\/Studium absolvieren m\u00f6chtest.<\/p>\n<p>[\/et_pb_accordion_item][et_pb_accordion_item title=&#8220;Ist es m\u00f6glich, eine integrierte Berufsmaturit\u00e4t zu machen?&#8220; open_toggle_text_color=&#8220;#FFFFFF&#8220; toggle_icon=&#8220;&#x37;||divi||400&#8243; _builder_version=&#8220;4.24.3&#8243; _module_preset=&#8220;default&#8220; body_text_color=&#8220;#FFFFFF&#8220; hover_enabled=&#8220;0&#8243; global_colors_info=&#8220;{}&#8220; toggle_text_color=&#8220;#FFFFFF&#8220; open=&#8220;off&#8220; sticky_enabled=&#8220;0&#8243;]<\/p>\n<p>Ja, eine integrierte Berufsmaturit\u00e4t ist theoretisch m\u00f6glich. Die BM kann in zwei Formen erlangt werden, als vierj\u00e4hrige oder dreij\u00e4hrige Ausbildung. In der Praxis empfehlen wir dir, dich auf den Berufsabschluss zu konzentrieren und wir unterst\u00fctzen dich nach der Lehre, wenn du die BM in einem oder zwei Jahren (berufsbegleitend) machen m\u00f6chtest.<\/p>\n<p>[\/et_pb_accordion_item][\/et_pb_accordion][\/et_pb_column][\/et_pb_row][\/et_pb_section]<\/p>\n","protected":false},"excerpt":{"rendered":"<p>\u00a0Kontaktieren\u00a0\u00a0Sie UNS\u00a0Deutsche SchweizFranz\u00f6sische Schweiz\u00a0F.A.Q.\u00a0Die Lernenden erhalten 13 Monatsgeh\u00e4lter &nbsp; Erstes Ausbildungsjahr: 700 CHF brutto Zweites Ausbildungsjahr: 1.000 CHF brutto Drittes Ausbildungsjahr: 1.400 CHF brutto Normalerweise arbeitest du 41 Stunden pro Woche. Diese Stunden werden auf deine praktische Ausbildung im Gesch\u00e4ft und deine theoretische Ausbildung an der Berufsschule aufgeteilt.Wenn du dich f\u00fcr einen erfolgreichen Lehrabschluss engagierst [&hellip;]<\/p>\n","protected":false},"author":1,"featured_media":0,"parent":0,"menu_order":0,"comment_status":"closed","ping_status":"closed","template":"","meta":{"_acf_changed":false,"_et_pb_use_builder":"on","_et_pb_old_content":"","_et_gb_content_width":"","footnotes":""},"class_list":["post-30318","page","type-page","status-publish","hentry"],"acf":[],"_links":{"self":[{"href":"https:\/\/www.nextgen.visilabgroup.ch\/de\/wp-json\/wp\/v2\/pages\/30318","targetHints":{"allow":["GET"]}}],"collection":[{"href":"https:\/\/www.nextgen.visilabgroup.ch\/de\/wp-json\/wp\/v2\/pages"}],"about":[{"href":"https:\/\/www.nextgen.visilabgroup.ch\/de\/wp-json\/wp\/v2\/types\/page"}],"author":[{"embeddable":true,"href":"https:\/\/www.nextgen.visilabgroup.ch\/de\/wp-json\/wp\/v2\/users\/1"}],"replies":[{"embeddable":true,"href":"https:\/\/www.nextgen.visilabgroup.ch\/de\/wp-json\/wp\/v2\/comments?post=30318"}],"version-history":[{"count":7,"href":"https:\/\/www.nextgen.visilabgroup.ch\/de\/wp-json\/wp\/v2\/pages\/30318\/revisions"}],"predecessor-version":[{"id":30642,"href":"https:\/\/www.nextgen.visilabgroup.ch\/de\/wp-json\/wp\/v2\/pages\/30318\/revisions\/30642"}],"wp:attachment":[{"href":"https:\/\/www.nextgen.visilabgroup.ch\/de\/wp-json\/wp\/v2\/media?parent=30318"}],"curies":[{"name":"wp","href":"https:\/\/api.w.org\/{rel}","templated":true}]}}