{"id":30315,"date":"2017-02-16T09:17:12","date_gmt":"2017-02-16T08:17:12","guid":{"rendered":"https:\/\/www.nextgen.visilabgroup.ch\/faq-e-contatti\/"},"modified":"2024-09-23T17:03:46","modified_gmt":"2024-09-23T15:03:46","slug":"faq-e-contatti","status":"publish","type":"page","link":"https:\/\/www.nextgen.visilabgroup.ch\/it\/faq-e-contatti\/","title":{"rendered":"FAQ e Contatti"},"content":{"rendered":"<p>[et_pb_section fb_built=&#8221;1&#8243; admin_label=&#8221;Header&#8221; _builder_version=&#8221;4.22.1&#8243; _module_preset=&#8221;default&#8221; locked=&#8221;off&#8221; collapsed=&#8221;on&#8221; global_colors_info=&#8221;{}&#8221;][et_pb_row column_structure=&#8221;1_2,1_2&#8243; _builder_version=&#8221;4.23.2&#8243; _module_preset=&#8221;default&#8221; global_colors_info=&#8221;{}&#8221;][et_pb_column type=&#8221;1_2&#8243; _builder_version=&#8221;4.23.2&#8243; _module_preset=&#8221;default&#8221; custom_padding_tablet=&#8221;||0px||false|false&#8221; custom_padding_phone=&#8221;||0vw||false|false&#8221; custom_padding_last_edited=&#8221;off|desktop&#8221; global_colors_info=&#8221;{}&#8221;][et_pb_text _builder_version=&#8221;4.24.3&#8243; _module_preset=&#8221;_initial&#8221; header_font=&#8221;Oswald|700||on|||||&#8221; header_text_color=&#8221;#FFFFFF&#8221; header_font_size=&#8221;4vw&#8221; header_line_height=&#8221;1.2em&#8221; custom_padding=&#8221;||0px|||&#8221; header_font_size_tablet=&#8221;4vw&#8221; header_font_size_phone=&#8221;10vw&#8221; header_font_size_last_edited=&#8221;on|phone&#8221; custom_css_free_form=&#8221;selector h1 {||  background: #1c1b2d;||  width: fit-content;||}&#8221; global_colors_info=&#8221;{}&#8221;]<\/p>\n<h1>\u00a0Contatto\u00a0<\/h1>\n<p>[\/et_pb_text][et_pb_text _builder_version=&#8221;4.24.3&#8243; _module_preset=&#8221;_initial&#8221; header_font=&#8221;Oswald|700||on|||||&#8221; header_text_color=&#8221;#FFFFFF&#8221; header_font_size=&#8221;4vw&#8221; header_line_height=&#8221;1.2em&#8221; custom_margin=&#8221;-20px||60px||false|false&#8221; custom_padding=&#8221;0px|||||&#8221; header_font_size_tablet=&#8221;4vw&#8221; header_font_size_phone=&#8221;10vw&#8221; header_font_size_last_edited=&#8221;on|phone&#8221; custom_css_free_form=&#8221;selector h1 {||  background:#1c1b2d;||  width: fit-content;||}&#8221; global_colors_info=&#8221;{}&#8221;]<\/p>\n<h1>\u00a0Noi\u00a0<\/h1>\n<p>[\/et_pb_text][et_pb_blurb title=&#8221;edu@visilabgroup.ch&#8221; url=&#8221;mailto:youremail@gmailcom&#8221; url_new_window=&#8221;on&#8221; use_icon=&#8221;on&#8221; font_icon=&#8221;&#xf0e0;||fa||900&#8243; icon_color=&#8221;#FFFFFF&#8221; image_icon_background_color=&#8221;gcid-0a41bebc-0107-48f7-8173-6190cad71074&#8243; icon_placement=&#8221;left&#8221; image_icon_width=&#8221;16px&#8221; content_max_width=&#8221;100%&#8221; _builder_version=&#8221;4.24.3&#8243; _module_preset=&#8221;_initial&#8221; header_font=&#8221;Oswald|700||on|||||&#8221; header_font_size=&#8221;20px&#8221; header_line_height=&#8221;1.4em&#8221; body_font=&#8221;Lato||||||||&#8221; body_font_size=&#8221;16px&#8221; body_line_height=&#8221;1.8em&#8221; image_icon_custom_margin=&#8221;5px||||false|false&#8221; image_icon_custom_padding=&#8221;16px|16px|16px|16px|true|true&#8221; animation=&#8221;off&#8221; link_option_url=&#8221;mailto:youremail@gmailcom&#8221; header_font_size_tablet=&#8221;16px&#8221; header_font_size_phone=&#8221;14px&#8221; header_font_size_last_edited=&#8221;on|desktop&#8221; body_font_size_tablet=&#8221;15px&#8221; body_font_size_phone=&#8221;14px&#8221; body_font_size_last_edited=&#8221;on|desktop&#8221; border_radii_image=&#8221;on|30px|30px|30px|30px&#8221; global_colors_info=&#8221;{%22gcid-0a41bebc-0107-48f7-8173-6190cad71074%22:%91%22image_icon_background_color%22%93}&#8221;]<\/p>\n<p>Deutsche Schweiz<\/p>\n<p>[\/et_pb_blurb][et_pb_blurb title=&#8221;edu-fr@visilabgroup.ch&#8221; url=&#8221;mailto:youremail@gmailcom&#8221; use_icon=&#8221;on&#8221; font_icon=&#8221;&#xf0e0;||fa||900&#8243; icon_color=&#8221;#FFFFFF&#8221; image_icon_background_color=&#8221;gcid-0a41bebc-0107-48f7-8173-6190cad71074&#8243; icon_placement=&#8221;left&#8221; image_icon_width=&#8221;16px&#8221; content_max_width=&#8221;100%&#8221; _builder_version=&#8221;4.24.3&#8243; _module_preset=&#8221;_initial&#8221; header_font=&#8221;Oswald|700||on|||||&#8221; header_font_size=&#8221;20px&#8221; header_line_height=&#8221;1.4em&#8221; body_font=&#8221;Lato||||||||&#8221; body_font_size=&#8221;16px&#8221; body_line_height=&#8221;1.8em&#8221; image_icon_custom_margin=&#8221;5px||||false|false&#8221; image_icon_custom_padding=&#8221;16px|16px|16px|16px|true|true&#8221; animation=&#8221;off&#8221; link_option_url=&#8221;mailto:youremail@gmailcom&#8221; header_font_size_tablet=&#8221;16px&#8221; header_font_size_phone=&#8221;14px&#8221; header_font_size_last_edited=&#8221;on|desktop&#8221; body_font_size_tablet=&#8221;15px&#8221; body_font_size_phone=&#8221;14px&#8221; body_font_size_last_edited=&#8221;on|desktop&#8221; border_radii_image=&#8221;on|30px|30px|30px|30px&#8221; global_colors_info=&#8221;{%22gcid-0a41bebc-0107-48f7-8173-6190cad71074%22:%91%22image_icon_background_color%22%93}&#8221;]<\/p>\n<p>Svizzera francese<\/p>\n<p>[\/et_pb_blurb][\/et_pb_column][et_pb_column type=&#8221;1_2&#8243; _builder_version=&#8221;4.22.1&#8243; _module_preset=&#8221;default&#8221; global_colors_info=&#8221;{}&#8221;][et_pb_image src=&#8221;https:\/\/www.nextgen.visilabgroup.ch\/wp-content\/uploads\/2024\/04\/VisilabGroup_WEB-105.jpg&#8221; title_text=&#8221;VisilabGroup_WEB-105&#8243; _builder_version=&#8221;4.24.3&#8243; _module_preset=&#8221;default&#8221; custom_margin=&#8221;|-10vw|||false|false&#8221; custom_margin_tablet=&#8221;|0vw|||false|false&#8221; custom_margin_phone=&#8221;|0vw|||false|false&#8221; custom_margin_last_edited=&#8221;on|tablet&#8221; global_colors_info=&#8221;{}&#8221;][\/et_pb_image][\/et_pb_column][\/et_pb_row][\/et_pb_section][et_pb_section fb_built=&#8221;1&#8243; admin_label=&#8221;Programs&#8221; _builder_version=&#8221;4.24.3&#8243; _module_preset=&#8221;default&#8221; background_color=&#8221;#1c1b2d&#8221; custom_padding=&#8221;||120px|||&#8221; collapsed=&#8221;on&#8221; global_colors_info=&#8221;{}&#8221;][et_pb_row _builder_version=&#8221;4.24.3&#8243; _module_preset=&#8221;default&#8221; global_colors_info=&#8221;{}&#8221;][et_pb_column type=&#8221;4_4&#8243; _builder_version=&#8221;4.22.1&#8243; _module_preset=&#8221;default&#8221; global_colors_info=&#8221;{}&#8221;][et_pb_text _builder_version=&#8221;4.24.3&#8243; _module_preset=&#8221;8360d974-4c4d-42c9-834f-52875be25679&#8243; header_text_color=&#8221;#FFFFFF&#8221; header_font_size=&#8221;3vw&#8221; width=&#8221;65%&#8221; custom_margin=&#8221;||45px||false|false&#8221; hover_enabled=&#8221;0&#8243; header_font_size_tablet=&#8221;5vw&#8221; header_font_size_phone=&#8221;10vw&#8221; header_font_size_last_edited=&#8221;on|phone&#8221; custom_css_free_form=&#8221;selector h1 {||  background:#0055A4;||  width: fit-content;||}&#8221; global_colors_info=&#8221;{}&#8221; sticky_enabled=&#8221;0&#8243;]<\/p>\n<h1>\u00a0F.A.Q\u00a0<\/h1>\n<p>[\/et_pb_text][et_pb_accordion open_toggle_text_color=&#8221;#FFFFFF&#8221; open_toggle_background_color=&#8221;RGBA(255,255,255,0)&#8221; closed_toggle_text_color=&#8221;#FFFFFF&#8221; closed_toggle_background_color=&#8221;RGBA(255,255,255,0)&#8221; toggle_icon=&#8221;&#xf067;||fa||900&#8243; icon_color=&#8221;#FFFFFF&#8221; use_icon_font_size=&#8221;on&#8221; _builder_version=&#8221;4.24.3&#8243; _module_preset=&#8221;_initial&#8221; toggle_text_color=&#8221;#FFFFFF&#8221; toggle_font=&#8221;Oswald|700||on|||||&#8221; toggle_text_align=&#8221;center&#8221; toggle_font_size=&#8221;24px&#8221; toggle_line_height=&#8221;1.4em&#8221; closed_toggle_font=&#8221;Oswald||||||||&#8221; body_font=&#8221;|600|||||||&#8221; body_text_color=&#8221;#FFFFFF&#8221; body_font_size=&#8221;16px&#8221; body_line_height=&#8221;1.8em&#8221; hover_enabled=&#8221;0&#8243; toggle_font_size_tablet=&#8221;16px&#8221; toggle_font_size_phone=&#8221;15px&#8221; toggle_font_size_last_edited=&#8221;on|desktop&#8221; body_font_size_tablet=&#8221;15px&#8221; body_font_size_phone=&#8221;14px&#8221; body_font_size_last_edited=&#8221;on|tablet&#8221; border_radii=&#8221;on|20px|20px|20px|20px&#8221; locked=&#8221;off&#8221; global_colors_info=&#8221;{}&#8221; sticky_enabled=&#8221;0&#8243;][et_pb_accordion_item title=&#8221;Il tuo stipendio durante l&#8217;apprendistato?&#8221; open=&#8221;on&#8221; open_toggle_text_color=&#8221;#FFFFFF&#8221; toggle_icon=&#8221;&#x37;||divi||400&#8243; _builder_version=&#8221;4.24.3&#8243; _module_preset=&#8221;default&#8221; body_text_color=&#8221;#FFFFFF&#8221; hover_enabled=&#8221;0&#8243; global_colors_info=&#8221;{}&#8221; toggle_text_color=&#8221;#FFFFFF&#8221; sticky_enabled=&#8221;0&#8243;]<\/p>\n<p>Gli apprendisti ricevono 13 stipendi mensili.<\/p>\n<p>&nbsp;<\/p>\n<ul>\n<li>Primo anno di formazione: 700 CHF lordi<\/li>\n<li>Secondo anno di formazione: 1.000 CHF lordi<\/li>\n<li>Terzo anno di formazione: 1.400 CHF lordi<\/li>\n<\/ul>\n<p>[\/et_pb_accordion_item][et_pb_accordion_item title=&#8221;Orario di lavoro?&#8221; open_toggle_text_color=&#8221;#FFFFFF&#8221; toggle_icon=&#8221;&#x37;||divi||400&#8243; _builder_version=&#8221;4.24.3&#8243; _module_preset=&#8221;default&#8221; body_text_color=&#8221;#FFFFFF&#8221; hover_enabled=&#8221;0&#8243; global_colors_info=&#8221;{}&#8221; toggle_text_color=&#8221;#FFFFFF&#8221; open=&#8221;off&#8221; sticky_enabled=&#8221;0&#8243;]<\/p>\n<p>In linea di principio, lavorerai 41 ore alla settimana, suddivise tra la tua formazione pratica in negozio e la formazione teorica all&#8217;EPSIC.<\/p>\n<p>I corsi interaziendali si svolgeranno per 7 settimane distribuite sulle 3 anni di apprendistato.<\/p>\n<p>Il tuo orario in negozio seguir\u00e0, in generale, il modello dei centri commerciali, con la possibilit\u00e0 di lavorare il sabato.<\/p>\n<p>[\/et_pb_accordion_item][et_pb_accordion_item title=&#8221;Quali sono le opportunit\u00e0 di carriera?&#8221; open_toggle_text_color=&#8221;#FFFFFF&#8221; toggle_icon=&#8221;&#x37;||divi||400&#8243; _builder_version=&#8221;4.24.3&#8243; _module_preset=&#8221;default&#8221; body_text_color=&#8221;#FFFFFF&#8221; hover_enabled=&#8221;0&#8243; global_colors_info=&#8221;{}&#8221; toggle_text_color=&#8221;#FFFFFF&#8221; open=&#8221;off&#8221; sticky_enabled=&#8221;0&#8243;]<\/p>\n<p>Se ti impegni pienamente in tutti gli aspetti della tua formazione, avrai buone possibilit\u00e0 di entrare a far parte della rete VisilabGroup alla fine del tuo apprendistato, oltre a beneficiare di un supporto se decidi di proseguire gli studi in questo settore.<\/p>\n<p>[\/et_pb_accordion_item][et_pb_accordion_item title=&#8221;\u00c8 possibile fare una Maturit\u00e0 Professionale integrata?&#8221; open_toggle_text_color=&#8221;#FFFFFF&#8221; toggle_icon=&#8221;&#x37;||divi||400&#8243; _builder_version=&#8221;4.24.3&#8243; _module_preset=&#8221;default&#8221; body_text_color=&#8221;#FFFFFF&#8221; hover_enabled=&#8221;0&#8243; global_colors_info=&#8221;{}&#8221; toggle_text_color=&#8221;#FFFFFF&#8221; open=&#8221;off&#8221; sticky_enabled=&#8221;0&#8243;]<\/p>\n<p>S\u00ec, presso VisilabGroup accettiamo apprendisti che desiderano conseguire una Maturit\u00e0 Professionale integrata. Questa pu\u00f2 avvenire in 2 forme in 4 anni (mezza giornata per 3 anni di apprendistato e 1 giorno a settimana nel 4\u00b0 anno) oppure un anno a tempo pieno dopo il CFC.<\/p>\n<p>[\/et_pb_accordion_item][\/et_pb_accordion][\/et_pb_column][\/et_pb_row][\/et_pb_section]<\/p>\n","protected":false},"excerpt":{"rendered":"<p>\u00a0Contatto\u00a0\u00a0Noi\u00a0Deutsche SchweizSvizzera francese\u00a0F.A.Q\u00a0Gli apprendisti ricevono 13 stipendi mensili. &nbsp; Primo anno di formazione: 700 CHF lordi Secondo anno di formazione: 1.000 CHF lordi Terzo anno di formazione: 1.400 CHF lordi In linea di principio, lavorerai 41 ore alla settimana, suddivise tra la tua formazione pratica in negozio e la formazione teorica all&#8217;EPSIC. I corsi interaziendali [&hellip;]<\/p>\n","protected":false},"author":1,"featured_media":0,"parent":0,"menu_order":0,"comment_status":"closed","ping_status":"closed","template":"","meta":{"_acf_changed":false,"_et_pb_use_builder":"on","_et_pb_old_content":"","_et_gb_content_width":"","footnotes":""},"class_list":["post-30315","page","type-page","status-publish","hentry"],"acf":[],"_links":{"self":[{"href":"https:\/\/www.nextgen.visilabgroup.ch\/it\/wp-json\/wp\/v2\/pages\/30315","targetHints":{"allow":["GET"]}}],"collection":[{"href":"https:\/\/www.nextgen.visilabgroup.ch\/it\/wp-json\/wp\/v2\/pages"}],"about":[{"href":"https:\/\/www.nextgen.visilabgroup.ch\/it\/wp-json\/wp\/v2\/types\/page"}],"author":[{"embeddable":true,"href":"https:\/\/www.nextgen.visilabgroup.ch\/it\/wp-json\/wp\/v2\/users\/1"}],"replies":[{"embeddable":true,"href":"https:\/\/www.nextgen.visilabgroup.ch\/it\/wp-json\/wp\/v2\/comments?post=30315"}],"version-history":[{"count":5,"href":"https:\/\/www.nextgen.visilabgroup.ch\/it\/wp-json\/wp\/v2\/pages\/30315\/revisions"}],"predecessor-version":[{"id":30847,"href":"https:\/\/www.nextgen.visilabgroup.ch\/it\/wp-json\/wp\/v2\/pages\/30315\/revisions\/30847"}],"wp:attachment":[{"href":"https:\/\/www.nextgen.visilabgroup.ch\/it\/wp-json\/wp\/v2\/media?parent=30315"}],"curies":[{"name":"wp","href":"https:\/\/api.w.org\/{rel}","templated":true}]}}